{"id":53,"date":"2020-06-24T00:27:45","date_gmt":"2020-06-24T00:27:45","guid":{"rendered":"https:\/\/redmacaron.com\/?page_id=53"},"modified":"2025-01-22T06:19:54","modified_gmt":"2025-01-22T06:19:54","slug":"plan-daffaire","status":"publish","type":"page","link":"https:\/\/redmacaron.com\/en\/plan-daffaire\/","title":{"rendered":"PLAN D&#8217;AFFAIRE"},"content":{"rendered":"<div id=\"page-header-132071599\" class=\"page-header-wrapper\">\n  <div class=\"page-title dark featured-title\">\n\n        <div class=\"page-title-bg\">\n      <div class=\"title-bg fill bg-fill\"\n        data-parallax-container=\".page-title\"\n        data-parallax-background\n data-parallax=\"-\">\n      <\/div>\n      <div class=\"title-overlay fill\"><\/div>\n    <\/div>\n    \n    <div class=\"page-title-inner container align-center flex-row medium-flex-wrap\" >\n              <div class=\"title-wrapper uppercase flex-col text-left medium-text-center\">\n          <h1 class=\"entry-title mb-0\">\n            PLAN D&#8217;AFFAIRE          <\/h1>\n        <\/div>\n                    <div class=\"title-content flex-col flex-right text-right medium-text-center\">\n              <\/div>\n    <\/div>\n\n     \n<style scope=\"scope\">\n\n#page-header-132071599 .title-bg {\n  background-image: url(https:\/\/redmacaron.com\/wp-content\/uploads\/2020\/06\/man-wearing-black-and-white-stripe-shirt-looking-at-white-212286_compressed-1.jpg);\n  background-position: 53% 59%;\n}\n#page-header-132071599 {\n  background-color: rgb(0,0,0);\n}\n<\/style>\n  <\/div>\n    <\/div>\n  \n\n\t<section class=\"section\" id=\"section_871070868\">\n\t\t<div class=\"bg section-bg fill bg-fill  bg-loaded\" >\n\n\t\t\t\n\t\t\t\n\t\t\t\n\n\t\t<\/div>\n\n\t\t<div class=\"section-content relative\">\n\t\t\t\n\n<div class=\"row\"  id=\"row-647520200\">\n\n\n\t<div class=\"col small-12 large-12\"  >\n\t\t<div class=\"col-inner\"  >\n\t\t\t\n\t\t\t\n\n<p><strong>Le Plan d&#8217;Affaires : Outil Cl\u00e9 pour Attirer des Investisseurs et Financer Votre Entreprise<\/strong><\/p>\n<p>Le <strong>plan d&#8217;affaires<\/strong> est un document essentiel pour convaincre des partenaires financiers d\u2019investir dans votre entreprise. Il joue un r\u00f4le crucial dans l\u2019\u00e9valuation de la <strong>solvabilit\u00e9<\/strong> de l&#8217;entreprise, c&#8217;est-\u00e0-dire sa capacit\u00e9 \u00e0 honorer ses <strong>engagements financiers<\/strong>. Lors de l&#8217;examen du plan, le banquier analysera en d\u00e9tail les aspects financiers de votre entreprise pour d\u00e9terminer sa <strong>viabilit\u00e9<\/strong> et sa capacit\u00e9 \u00e0 rembourser les pr\u00eats ou les lignes de cr\u00e9dit.<\/p>\n<p>D&#8217;autre part, un <strong>investisseur en capital<\/strong> utilisera le plan d&#8217;affaires pour \u00e9valuer la <strong>valeur<\/strong> de l&#8217;entreprise ainsi que son potentiel de <strong>rentabilit\u00e9 \u00e0 long terme<\/strong>. Le plan doit donc d\u00e9montrer clairement la <strong>strat\u00e9gie de croissance<\/strong> et les <strong>opportunit\u00e9s de march\u00e9<\/strong> qui permettront \u00e0 l&#8217;entreprise de g\u00e9n\u00e9rer des profits durables et d\u2019assurer un retour sur investissement.<\/p>\n<div>\u00a0<\/div>\n\n\t\t<\/div>\n\t<\/div>\n\n\t\n\n\t<div class=\"col medium-4 small-12 large-4\"  >\n\t\t<div class=\"col-inner\"  >\n\t\t\t\n\t\t\t\n\n\n\t\t<\/div>\n\t<\/div>\n\n\t\n\n<\/div>\n<div class=\"row\"  id=\"row-1685172648\">\n\n\n\t<div class=\"col small-12 large-12\"  >\n\t\t<div class=\"col-inner\"  >\n\t\t\t\n\t\t\t\n\n<p><strong>Sommaire Ex\u00e9cutif du Plan d&#8217;Affaires : Pr\u00e9sentez Votre Entreprise de Mani\u00e8re Convaincante<\/strong><\/p>\n<p>Le <strong>sommaire ex\u00e9cutif<\/strong> est r\u00e9dig\u00e9 une fois le <strong>plan d\u2019affaires<\/strong> termin\u00e9. Il constitue un r\u00e9sum\u00e9 percutant, con\u00e7u pour attirer l&#8217;attention des investisseurs et partenaires financiers en mettant en \u00e9vidence les \u00e9l\u00e9ments cl\u00e9s de votre projet. Cette section est souvent la plus importante du plan, car elle peut influencer la perception du lecteur d\u00e8s les premi\u00e8res lignes. Pr\u00e9sent\u00e9 de mani\u00e8re claire, concise et professionnelle, le sommaire ex\u00e9cutif doit capturer l\u2019essence de votre entreprise, de ses objectifs, et des raisons pour lesquelles votre projet sera un succ\u00e8s.<\/p>\n<p>Il est recommand\u00e9 de limiter le sommaire ex\u00e9cutif \u00e0 <strong>une seule page<\/strong>, afin d\u2019en faciliter la lecture rapide tout en exposant les points essentiels.<\/p>\n<h3>Les \u00e9l\u00e9ments \u00e0 inclure dans le sommaire ex\u00e9cutif :<\/h3>\n<ol>\n<li>\n<p><strong>L\u2019\u00c9nonc\u00e9 du Projet<\/strong><br \/>D\u00e9crivez clairement l\u2019<strong>opportunit\u00e9 d\u2019affaires<\/strong> que vous proposez de saisir et la <strong>strat\u00e9gie<\/strong> que vous mettrez en place pour en maximiser le potentiel. Mettez en avant l\u2019<strong>innovation<\/strong> ou les caract\u00e9ristiques distinctives de votre projet.<\/p>\n<\/li>\n<li>\n<p><strong>Les Comp\u00e9tences des Porteurs de Projet<\/strong><br \/>Pr\u00e9sentez bri\u00e8vement l\u2019\u00e9quipe entrepreneuriale et ses <strong>comp\u00e9tences cl\u00e9s<\/strong> en lien avec le projet. D\u00e9crivez l\u2019exp\u00e9rience et les qualifications de chaque membre, ainsi que leur r\u00f4le dans la mise en \u0153uvre de l\u2019opportunit\u00e9 d\u2019affaires.<\/p>\n<\/li>\n<li>\n<p><strong>Les Caract\u00e9ristiques du March\u00e9<\/strong><br \/>D\u00e9taillez succinctement le <strong>march\u00e9 cible<\/strong> et son potentiel en termes de <strong>chiffre d&#8217;affaires<\/strong>. Incluez des donn\u00e9es pertinentes sur la taille du march\u00e9, les tendances actuelles et les segments sp\u00e9cifiques que vous comptez exploiter.<\/p>\n<\/li>\n<li>\n<p><strong>Les \u00c9l\u00e9ments de Diff\u00e9renciation<\/strong><br \/>Soulignez les <strong>avantages concurrentiels<\/strong> de votre offre par rapport \u00e0 celle de vos concurrents. D\u00e9crivez ce qui distingue votre produit ou service, et pourquoi il r\u00e9pond mieux aux besoins du march\u00e9 cible.<\/p>\n<\/li>\n<li>\n<p><strong>Les Pr\u00e9visions des Ventes<\/strong><br \/>Pr\u00e9sentez vos <strong>pr\u00e9visions de ventes<\/strong> pour les trois premi\u00e8res ann\u00e9es d\u2019exploitation. Montrez que votre projet est non seulement viable mais aussi scalable \u00e0 long terme.<\/p>\n<\/li>\n<li>\n<p><strong>La Profitabilit\u00e9<\/strong><br \/>Expliquez la <strong>rentabilit\u00e9<\/strong> de votre projet en termes de <strong>marge b\u00e9n\u00e9ficiaire<\/strong>, de <strong>rendement sur le capital investi<\/strong> et de <strong>b\u00e9n\u00e9fices \u00e9conomiques<\/strong> pour la communaut\u00e9 ou l\u2019industrie. Mettez en avant les impacts financiers positifs de votre entreprise.<\/p>\n<\/li>\n<li>\n<p><strong>Les Besoins et les Sources de Financement<\/strong><br \/>Indiquez le montant de financement que vous recherchez et d\u00e9crivez ce que votre entreprise offre en retour, que ce soit sous forme d\u2019<strong>\u00e9quit\u00e9<\/strong> ou de <strong>retours financiers<\/strong>. D\u00e9crivez l\u2019utilisation pr\u00e9vue des fonds pour assurer le succ\u00e8s de votre projet et comment ces fonds contribueront \u00e0 l\u2019atteinte des objectifs.<\/p>\n<\/li>\n<\/ol>\n<p>Le sommaire ex\u00e9cutif doit offrir une vision claire et concise du plan d\u2019affaires, permettant au lecteur de se faire une id\u00e9e pr\u00e9cise du projet sans avoir besoin de lire l\u2019int\u00e9gralit\u00e9 du document.<\/p>\n\n\t\t<\/div>\n\t<\/div>\n\n\t\n\n<\/div>\n\n\t\t<\/div>\n\n\t\t\n<style scope=\"scope\">\n\n#section_871070868 {\n  padding-top: 30px;\n  padding-bottom: 30px;\n}\n<\/style>\n\t<\/section>","protected":false},"excerpt":{"rendered":"","protected":false},"author":2,"featured_media":56,"parent":0,"menu_order":0,"comment_status":"closed","ping_status":"closed","template":"page-transparent-header.php","meta":{"nf_dc_page":"","footnotes":""},"class_list":["post-53","page","type-page","status-publish","has-post-thumbnail","hentry"],"jetpack_sharing_enabled":true,"_links":{"self":[{"href":"https:\/\/redmacaron.com\/en\/wp-json\/wp\/v2\/pages\/53","targetHints":{"allow":["GET"]}}],"collection":[{"href":"https:\/\/redmacaron.com\/en\/wp-json\/wp\/v2\/pages"}],"about":[{"href":"https:\/\/redmacaron.com\/en\/wp-json\/wp\/v2\/types\/page"}],"author":[{"embeddable":true,"href":"https:\/\/redmacaron.com\/en\/wp-json\/wp\/v2\/users\/2"}],"replies":[{"embeddable":true,"href":"https:\/\/redmacaron.com\/en\/wp-json\/wp\/v2\/comments?post=53"}],"version-history":[{"count":5,"href":"https:\/\/redmacaron.com\/en\/wp-json\/wp\/v2\/pages\/53\/revisions"}],"predecessor-version":[{"id":416,"href":"https:\/\/redmacaron.com\/en\/wp-json\/wp\/v2\/pages\/53\/revisions\/416"}],"wp:featuredmedia":[{"embeddable":true,"href":"https:\/\/redmacaron.com\/en\/wp-json\/wp\/v2\/media\/56"}],"wp:attachment":[{"href":"https:\/\/redmacaron.com\/en\/wp-json\/wp\/v2\/media?parent=53"}],"curies":[{"name":"wp","href":"https:\/\/api.w.org\/{rel}","templated":true}]}}