{"id":2,"date":"2020-06-21T17:25:46","date_gmt":"2020-06-21T17:25:46","guid":{"rendered":"http:\/?page_id=2"},"modified":"2025-01-22T05:23:08","modified_gmt":"2025-01-22T05:23:08","slug":"sample-page","status":"publish","type":"page","link":"https:\/\/redmacaron.com\/en\/","title":{"rendered":"Homepage"},"content":{"rendered":"<div class=\"banner has-hover is-full-height has-parallax\" id=\"banner-386844259\">\n          <div class=\"banner-inner fill\">\n        <div class=\"banner-bg fill\" data-parallax=\"-10\" data-parallax-container=\".banner\" data-parallax-background>\n            <div class=\"bg fill bg-fill\"><\/div>\n                        <div class=\"overlay\"><\/div>            \n                    <\/div>\n        <div class=\"banner-layers container\">\n            <div class=\"fill banner-link\"><\/div>            \n\n   <div id=\"text-box-1027744233\" class=\"text-box banner-layer x5 md-x5 lg-x0 y15 md-y15 lg-y20 res-text\">\n                                <div class=\"text dark\">\n              \n              <div class=\"text-inner text-left\">\n                  \n\n<h1 class=\"uppercase\"><strong>Who are we ?<\/strong><\/h1>\n<p class=\"lead\">Notre ambition est de placer votre entreprise sous les projecteurs, de vous accompagner dans la surmont\u00e9e des obstacles, afin de vous ouvrir les portes des opportunit\u00e9s qui vous attendent et qui nous propulseront ensemble vers le succ\u00e8s.<\/p>\n<a href=\"https:\/\/redmacaron.com\/en\/qui-sommes-nous\/\" target=\"_self\" class=\"button white is-outline\"  style=\"border-radius:99px;\">\n    <span>Learn more<\/span>\n  <\/a>\n\n\n\n              <\/div>\n           <\/div>\n                            \n<style scope=\"scope\">\n\n#text-box-1027744233 {\n  width: 70%;\n}\n#text-box-1027744233 .text {\n  font-size: 90%;\n}\n\n\n@media (min-width:550px) {\n\n  #text-box-1027744233 {\n    width: 56%;\n  }\n  #text-box-1027744233 .text {\n    font-size: 100%;\n  }\n\n}\n<\/style>\n    <\/div>\n \n\n        <\/div>\n      <\/div>\n\n            \n<style scope=\"scope\">\n\n#banner-386844259 {\n  padding-top: 100%;\n  background-color: rgb(255, 255, 255);\n}\n#banner-386844259 .bg.bg-loaded {\n  background-image: url(https:\/\/redmacaron.com\/wp-content\/uploads\/2020\/06\/Canva-Cn-Tower-in-Toronto-Canada-at-Night.jpg);\n}\n#banner-386844259 .overlay {\n  background-color: rgba(72, 13, 15, 0.37);\n}\n#banner-386844259 .bg {\n  background-position: 60% 42%;\n}\n<\/style>\n  <\/div>\n\n\n  <div class=\"banner-grid-wrapper\">\n  <div id=\"banner-grid-782707292\" class=\"banner-grid row row-grid row-collapse row-full-width\" data-packery-options=\"\">\n                      \n\n<div class=\"col grid-col large-6 grid-col-2-3\" ><div class=\"col-inner\">\n\n\n  <div class=\"banner has-hover\" id=\"banner-1059968406\">\n          <div class=\"banner-inner fill\">\n        <div class=\"banner-bg fill\" >\n            <div class=\"bg fill bg-fill\"><\/div>\n                                    \n                    <\/div>\n        <div class=\"banner-layers container\">\n            <div class=\"fill banner-link\"><\/div>            \n\n   <div id=\"text-box-2118597621\" class=\"text-box banner-layer x10 md-x10 lg-x10 y50 md-y50 lg-y50 res-text\">\n                                <div class=\"text dark\">\n              \n              <div class=\"text-inner text-left\">\n                  \n\n<h3 class=\"uppercase\"><strong>Besoin d&#8217;id\u00e9es ?<\/strong><\/h3>\n<p class=\"lead\">Poss\u00e9der un produit ou un service repr\u00e9sente seulement une premi\u00e8re \u00e9tape ; sa concr\u00e9tisation en est une autre. Forts de notre expertise, nous vous accompagnerons dans la m\u00e9tamorphose de vos id\u00e9es en projets tangibles.<\/p>\n\n              <\/div>\n           <\/div>\n                            \n<style scope=\"scope\">\n\n#text-box-2118597621 {\n  width: 65%;\n}\n#text-box-2118597621 .text {\n  font-size: 85%;\n}\n\n\n@media (min-width:550px) {\n\n  #text-box-2118597621 {\n    width: 39%;\n  }\n  #text-box-2118597621 .text {\n    font-size: 100%;\n  }\n\n}\n<\/style>\n    <\/div>\n \n\n        <\/div>\n      <\/div>\n\n            \n<style scope=\"scope\">\n\n#banner-1059968406 {\n  padding-top: 500px;\n}\n#banner-1059968406 .bg.bg-loaded {\n  background-image: url(https:\/\/i0.wp.com\/redmacaron.com\/wp-content\/uploads\/2020\/06\/yellow-bulb-1556704_resized.jpg?fit=1020%2C677&ssl=1);\n}\n#banner-1059968406 .bg {\n  background-position: 66% 51%;\n}\n<\/style>\n  <\/div>\n\n\n\n<\/div><\/div>\n<div class=\"col grid-col large-6 grid-col-1-2\" ><div class=\"col-inner\">\n\n\n  <div class=\"banner has-hover\" id=\"banner-1432131505\">\n          <div class=\"banner-inner fill\">\n        <div class=\"banner-bg fill\" >\n            <div class=\"bg fill bg-fill\"><\/div>\n                                    \n                    <\/div>\n        <div class=\"banner-layers container\">\n            <a class=\"fill\" href=\"https:\/\/redmacaron.com\/en\/financement-et-subvention\/\"  ><div class=\"fill banner-link\"><\/div><\/a>            \n\n   <div id=\"text-box-1405382312\" class=\"text-box banner-layer x90 md-x90 lg-x90 y25 md-y25 lg-y25 res-text\">\n                                <div class=\"text dark\">\n              \n              <div class=\"text-inner text-right\">\n                  \n\n<p class=\"lead\"><strong>\u00c0 LA RECHERCHE DE FINANCEMENT ? <\/strong><\/p>\n<p class=\"lead\" style=\"text-align: left;\">\u00a0Ma\u00eetriser les cl\u00e9s du financement et vous guider dans l&#8217;acc\u00e8s aux ressources n\u00e9cessaires fait partie de notre expertise.<\/p>\n\n              <\/div>\n           <\/div>\n                            \n<style scope=\"scope\">\n\n#text-box-1405382312 .text {\n  background-color: rgba(0, 0, 0, 0.5);\n  font-size: 100%;\n}\n#text-box-1405382312 .text-inner {\n  padding: 10px 10px 10px 10px;\n}\n#text-box-1405382312 {\n  width: 32%;\n}\n<\/style>\n    <\/div>\n \n\n        <\/div>\n      <\/div>\n\n            \n<style scope=\"scope\">\n\n#banner-1432131505 {\n  padding-top: 500px;\n}\n#banner-1432131505 .bg.bg-loaded {\n  background-image: url(https:\/\/i0.wp.com\/redmacaron.com\/wp-content\/uploads\/2020\/06\/Canva-Low-Angle-Photography-Of-High-Rise-Buildings-scaled.jpg?fit=819%2C1024&ssl=1);\n}\n#banner-1432131505 .bg {\n  background-position: 49% 74%;\n}\n<\/style>\n  <\/div>\n\n\n\n<\/div><\/div>\n<div class=\"col grid-col large-3 grid-col-1-2\" ><div class=\"col-inner\">\n\n\n  <div class=\"banner has-hover\" id=\"banner-348025576\">\n          <div class=\"banner-inner fill\">\n        <div class=\"banner-bg fill\" >\n            <div class=\"bg fill bg-fill\"><\/div>\n                                    \n                    <\/div>\n        <div class=\"banner-layers container\">\n            <a class=\"fill\" href=\"https:\/\/redmacaron.com\/en\/plan-daffaire\/\"  ><div class=\"fill banner-link\"><\/div><\/a>            \n\n   <div id=\"text-box-358055028\" class=\"text-box banner-layer x50 md-x50 lg-x50 y90 md-y90 lg-y90 res-text\">\n                                <div class=\"text dark\">\n              \n              <div class=\"text-inner text-center\">\n                  \n\n<h3 class=\"uppercase\"><strong>\u00c0 LA RECHERCHE D&#8217;UNE STRAT\u00c9GIE GAGNANTE ? <\/strong><\/h3>\n<p class=\"lead\">Nous vous accompagnerons dans l&#8217;\u00e9laboration de votre plan de succ\u00e8s, tout en vous permettant de vous focaliser sur ce qui vous passionne le plus.<\/p>\n\n              <\/div>\n           <\/div>\n                            \n<style scope=\"scope\">\n\n#text-box-358055028 .text {\n  background-color: rgba(0, 0, 1, 0.5);\n  font-size: 80%;\n}\n#text-box-358055028 .text-inner {\n  padding: 10px 10px 10px 10px;\n}\n#text-box-358055028 {\n  width: 60%;\n}\n\n\n@media (min-width:850px) {\n\n  #text-box-358055028 .text {\n    font-size: 100%;\n  }\n\n}\n<\/style>\n    <\/div>\n \n\n        <\/div>\n      <\/div>\n\n            \n<style scope=\"scope\">\n\n#banner-348025576 {\n  padding-top: 500px;\n}\n#banner-348025576 .bg.bg-loaded {\n  background-image: url(https:\/\/i0.wp.com\/redmacaron.com\/wp-content\/uploads\/2020\/06\/01.jpg?fit=1020%2C1020&ssl=1);\n}\n<\/style>\n  <\/div>\n\n\n\n<\/div><\/div>\n<div class=\"col grid-col large-3 grid-col-1-2\" ><div class=\"col-inner\">\n\n\n  <div class=\"banner has-hover\" id=\"banner-541502826\">\n          <div class=\"banner-inner fill\">\n        <div class=\"banner-bg fill\" >\n            <div class=\"bg fill bg-fill\"><\/div>\n                                    \n                    <\/div>\n        <div class=\"banner-layers container\">\n            <div class=\"fill banner-link\"><\/div>            \n\n   <div id=\"text-box-1751258258\" class=\"text-box banner-layer x50 md-x50 lg-x50 y50 md-y50 lg-y50 res-text\">\n                                <div class=\"text dark\">\n              \n              <div class=\"text-inner text-center\">\n                  \n\n<h3 class=\"uppercase\"><strong>VOUS AVEZ BESOIN DE PLUS ?<\/strong><\/h3>\n<p class=\"lead\">Contactez-nous d\u00e8s aujourd&#8217;hui et b\u00e9n\u00e9ficiez de notre expertise pour faire avancer votre projet.<\/p>\n\n              <\/div>\n           <\/div>\n                            \n<style scope=\"scope\">\n\n#text-box-1751258258 .text {\n  background-color: rgba(0, 0, 0, 0.5);\n  font-size: 85%;\n}\n#text-box-1751258258 .text-inner {\n  padding: 10px 10px 10px 10px;\n}\n#text-box-1751258258 {\n  width: 60%;\n}\n\n\n@media (min-width:850px) {\n\n  #text-box-1751258258 .text {\n    font-size: 100%;\n  }\n\n}\n<\/style>\n    <\/div>\n \n\n        <\/div>\n      <\/div>\n\n            \n<style scope=\"scope\">\n\n#banner-541502826 {\n  padding-top: 500px;\n}\n#banner-541502826 .bg.bg-loaded {\n  background-image: url(https:\/\/i0.wp.com\/redmacaron.com\/wp-content\/uploads\/2020\/06\/blue-and-red-galaxy-artwork-1629236_resized.jpg?fit=1020%2C574&ssl=1);\n}\n<\/style>\n  <\/div>\n\n\n\n<\/div><\/div>\n<div class=\"col grid-col large-6 grid-col-1-3\" ><div class=\"col-inner\">\n\n\n  <div class=\"banner has-hover\" id=\"banner-79161635\">\n          <div class=\"banner-inner fill\">\n        <div class=\"banner-bg fill\" >\n            <div class=\"bg fill bg-fill\"><\/div>\n                                    \n                    <\/div>\n        <div class=\"banner-layers container\">\n            <div class=\"fill banner-link\"><\/div>            \n\n   <div id=\"text-box-1507642880\" class=\"text-box banner-layer x5 md-x5 lg-x5 y90 md-y90 lg-y20 res-text\">\n                                <div class=\"text dark\">\n              \n              <div class=\"text-inner text-left\">\n                  \n\n<h3 class=\"uppercase\"><strong>\u00c0 LA RECHERCHE D&#8217;UNE EXPERTISE OP\u00c9RATIONNELLE ? <\/strong><\/h3>\n<p class=\"lead\">Nous sommes l\u00e0 pour vous former, vous conseiller et vous transmettre les comp\u00e9tences n\u00e9cessaires pour piloter avec succ\u00e8s votre entreprise.<\/p>\n\n              <\/div>\n           <\/div>\n                            \n<style scope=\"scope\">\n\n#text-box-1507642880 .text {\n  background-color: rgba(0, 0, 0, 0.5);\n  font-size: 85%;\n}\n#text-box-1507642880 .text-inner {\n  padding: 10px 10px 10px 10px;\n}\n#text-box-1507642880 {\n  width: 85%;\n}\n\n\n@media (min-width:550px) {\n\n  #text-box-1507642880 {\n    width: 41%;\n  }\n\n}\n\n\n@media (min-width:850px) {\n\n  #text-box-1507642880 {\n    width: 59%;\n  }\n  #text-box-1507642880 .text {\n    font-size: 100%;\n  }\n\n}\n<\/style>\n    <\/div>\n \n\n        <\/div>\n      <\/div>\n\n            \n<style scope=\"scope\">\n\n#banner-79161635 {\n  padding-top: 500px;\n}\n#banner-79161635 .bg.bg-loaded {\n  background-image: url(https:\/\/i0.wp.com\/redmacaron.com\/wp-content\/uploads\/2020\/06\/a-girl-watching-movie-on-computer-laptop-3761513_resized.jpg?fit=1020%2C715&ssl=1);\n}\n<\/style>\n  <\/div>\n\n\n\n<\/div><\/div>\n\n            <\/div>\n    <style scope=\"scope\">\n    #banner-grid-782707292 .grid-col-1{height: 1000px}\n    #banner-grid-782707292 .grid-col-1-2{height: 500px}\n    #banner-grid-782707292 .grid-col-1-3{height:333.33333333333px}\n    #banner-grid-782707292 .grid-col-2-3{height: 666.66666666667px}\n    #banner-grid-782707292 .grid-col-1-4{height: 250px}\n    #banner-grid-782707292 .grid-col-3-4{height: 750px}\n\n\n    \n    \n\n  <\/style>\n    <\/div>","protected":false},"excerpt":{"rendered":"","protected":false},"author":2,"featured_media":12,"parent":0,"menu_order":0,"comment_status":"closed","ping_status":"open","template":"page-transparent-header-light.php","meta":{"nf_dc_page":"","footnotes":""},"class_list":["post-2","page","type-page","status-publish","has-post-thumbnail","hentry"],"jetpack_sharing_enabled":true,"_links":{"self":[{"href":"https:\/\/redmacaron.com\/en\/wp-json\/wp\/v2\/pages\/2","targetHints":{"allow":["GET"]}}],"collection":[{"href":"https:\/\/redmacaron.com\/en\/wp-json\/wp\/v2\/pages"}],"about":[{"href":"https:\/\/redmacaron.com\/en\/wp-json\/wp\/v2\/types\/page"}],"author":[{"embeddable":true,"href":"https:\/\/redmacaron.com\/en\/wp-json\/wp\/v2\/users\/2"}],"replies":[{"embeddable":true,"href":"https:\/\/redmacaron.com\/en\/wp-json\/wp\/v2\/comments?post=2"}],"version-history":[{"count":5,"href":"https:\/\/redmacaron.com\/en\/wp-json\/wp\/v2\/pages\/2\/revisions"}],"predecessor-version":[{"id":409,"href":"https:\/\/redmacaron.com\/en\/wp-json\/wp\/v2\/pages\/2\/revisions\/409"}],"wp:featuredmedia":[{"embeddable":true,"href":"https:\/\/redmacaron.com\/en\/wp-json\/wp\/v2\/media\/12"}],"wp:attachment":[{"href":"https:\/\/redmacaron.com\/en\/wp-json\/wp\/v2\/media?parent=2"}],"curies":[{"name":"wp","href":"https:\/\/api.w.org\/{rel}","templated":true}]}}