{"id":158,"date":"2020-07-24T22:02:58","date_gmt":"2020-07-24T22:02:58","guid":{"rendered":"https:\/\/redmacaron.com\/?page_id=158"},"modified":"2025-01-22T06:38:54","modified_gmt":"2025-01-22T06:38:54","slug":"nos-services","status":"publish","type":"page","link":"https:\/\/redmacaron.com\/en\/nos-services\/","title":{"rendered":"Our services"},"content":{"rendered":"<div id=\"page-header-495570724\" class=\"page-header-wrapper\">\n  <div class=\"page-title dark featured-title\">\n\n        <div class=\"page-title-bg\">\n      <div class=\"title-bg fill bg-fill\"\n        data-parallax-container=\".page-title\"\n        data-parallax-background\n data-parallax=\"-\">\n      <\/div>\n      <div class=\"title-overlay fill\"><\/div>\n    <\/div>\n    \n    <div class=\"page-title-inner container align-center flex-row medium-flex-wrap\" >\n              <div class=\"title-wrapper uppercase flex-col text-left medium-text-center\">\n          <h1 class=\"entry-title mb-0\">\n            Our services          <\/h1>\n        <\/div>\n                    <div class=\"title-content flex-col flex-right text-right medium-text-center\">\n        <div class=\"title-breadcrumbs pb-half pt-half\"><\/div>      <\/div>\n    <\/div>\n\n     \n<style scope=\"scope\">\n\n#page-header-495570724 .title-bg {\n  background-image: url(https:\/\/redmacaron.com\/wp-content\/uploads\/2020\/07\/Web-Design.jpg);\n  background-position: 87% 34%;\n}\n#page-header-495570724 .title-overlay {\n  background-color: rgba(179, 4, 4, 0.54);\n}\n<\/style>\n  <\/div>\n    <\/div>\n  \n\n\t<section class=\"section\" id=\"section_1209458213\">\n\t\t<div class=\"bg section-bg fill bg-fill  bg-loaded\" >\n\n\t\t\t\n\t\t\t\n\t\t\t\n\n\t\t<\/div>\n\n\t\t<div class=\"section-content relative\">\n\t\t\t\n\n<div class=\"row row-collapse align-center\"  id=\"row-2134108175\">\n\n\n\t<div class=\"col medium-8 small-10 large-8\"  >\n\t\t<div class=\"col-inner text-center\"  >\n\t\t\t\n\t\t\t\n\n<h1>Our services<\/h1>\n<h3>\u00a0Nous avons con\u00e7u une gamme diversifi\u00e9e de produits et services sur mesure, r\u00e9pondant aux besoins sp\u00e9cifiques des entreprises, afin de vous fournir tous les outils essentiels \u00e0 votre succ\u00e8s.<\/h3>\n\n\t\t<\/div>\n\t<\/div>\n\n\t\n\n\n<style scope=\"scope\">\n\n<\/style>\n<\/div>\n\n\t\t<\/div>\n\n\t\t\n<style scope=\"scope\">\n\n#section_1209458213 {\n  padding-top: 100px;\n  padding-bottom: 100px;\n  background-color: rgb(255,255,255);\n}\n\n\n@media (min-width:550px) {\n\n  #section_1209458213 {\n    padding-top: 120px;\n    padding-bottom: 120px;\n  }\n\n}\n\n\n@media (min-width:850px) {\n\n  #section_1209458213 {\n    padding-top: 20px;\n    padding-bottom: 20px;\n  }\n\n}\n<\/style>\n\t<\/section>\n\t\n\t<section class=\"section\" id=\"section_159921419\">\n\t\t<div class=\"bg section-bg fill bg-fill  bg-loaded\" >\n\n\t\t\t\n\t\t\t<div class=\"section-bg-overlay absolute fill\"><\/div>\n\t\t\t\n\n\t\t<\/div>\n\n\t\t<div class=\"section-content relative\">\n\t\t\t\n\n<div class=\"row row-large align-middle\"  id=\"row-122730399\">\n\n\n\t<div class=\"col medium-6 small-12 large-6\"  >\n\t\t<div class=\"col-inner\"  >\n\t\t\t\n\t\t\t\n\n  <div id=\"page-header-2006982451\" class=\"page-header-wrapper\">\n  <div class=\"page-title dark simple-title box-shadow-3\">\n\n        <div class=\"page-title-bg\">\n      <div class=\"title-bg fill bg-fill\"\n        data-parallax-container=\".page-title\"\n        data-parallax-background\n data-parallax=\"-\">\n      <\/div>\n      <div class=\"title-overlay fill\"><\/div>\n    <\/div>\n    \n    <div class=\"page-title-inner container align-center text-center flex-row-col medium-flex-wrap\" >\n              <div class=\"title-wrapper flex-col\">\n          <h1 class=\"entry-title mb-0\">\n            GESTION DE R\u00c9SEAUX SOCIAUX          <\/h1>\n        <\/div>\n                    <div class=\"title-content flex-col\">\n        <div class=\"title-share pt-half pb-half\"><div class=\"social-icons share-icons share-row relative\" ><a href=\"whatsapp:\/\/send?text=Nos%20services - https:\/\/redmacaron.com\/en\/nos-services\/\" data-action=\"share\/whatsapp\/share\" class=\"icon button circle is-outline tooltip whatsapp show-for-medium\" title=\"Share on WhatsApp\"><i class=\"icon-whatsapp\"><\/i><\/a><a href=\"\/\/www.facebook.com\/sharer.php?u=https:\/\/redmacaron.com\/en\/nos-services\/\" data-label=\"Facebook\" onclick=\"window.open(this.href,this.title,'width=500,height=500,top=300px,left=300px');  return false;\" rel=\"noopener noreferrer nofollow\" target=\"_blank\" class=\"icon button circle is-outline tooltip facebook\" title=\"Share on Facebook\"><i class=\"icon-facebook\" ><\/i><\/a><a href=\"\/\/twitter.com\/share?url=https:\/\/redmacaron.com\/en\/nos-services\/\" onclick=\"window.open(this.href,this.title,'width=500,height=500,top=300px,left=300px');  return false;\" rel=\"noopener noreferrer nofollow\" target=\"_blank\" class=\"icon button circle is-outline tooltip twitter\" title=\"Share on Twitter\"><i class=\"icon-twitter\" ><\/i><\/a><a href=\"mailto:enteryour@addresshere.com?subject=Nos%20services&amp;body=Check%20this%20out:%20https:\/\/redmacaron.com\/en\/nos-services\/\" rel=\"nofollow\" class=\"icon button circle is-outline tooltip email\" title=\"Email to a Friend\"><i class=\"icon-envelop\" ><\/i><\/a><a href=\"\/\/www.linkedin.com\/shareArticle?mini=true&url=https:\/\/redmacaron.com\/en\/nos-services\/&title=Nos%20services\" onclick=\"window.open(this.href,this.title,'width=500,height=500,top=300px,left=300px');  return false;\"  rel=\"noopener noreferrer nofollow\" target=\"_blank\" class=\"icon button circle is-outline tooltip linkedin\" title=\"Share on LinkedIn\"><i class=\"icon-linkedin\" ><\/i><\/a><\/div><\/div>      <\/div>\n    <\/div>\n\n     \n<style scope=\"scope\">\n\n#page-header-2006982451 {\n  background-color: rgb(255,255,255);\n}\n<\/style>\n  <\/div>\n    <\/div>\n  \n\n\t<div class=\"img has-hover x md-x lg-x y md-y lg-y\" id=\"image_475901666\">\n\t\t\t\t\t\t\t\t<div class=\"img-inner dark\" >\n\t\t\t<img loading=\"lazy\" decoding=\"async\" width=\"1020\" height=\"583\" src=\"https:\/\/i0.wp.com\/redmacaron.com\/wp-content\/uploads\/2025\/01\/red-image.webp?fit=1020%2C583&amp;ssl=1\" class=\"attachment-large size-large\" alt=\"\" srcset=\"https:\/\/i0.wp.com\/redmacaron.com\/wp-content\/uploads\/2025\/01\/red-image.webp?w=1792&amp;ssl=1 1792w, https:\/\/i0.wp.com\/redmacaron.com\/wp-content\/uploads\/2025\/01\/red-image.webp?resize=300%2C171&amp;ssl=1 300w, https:\/\/i0.wp.com\/redmacaron.com\/wp-content\/uploads\/2025\/01\/red-image.webp?resize=1024%2C585&amp;ssl=1 1024w, https:\/\/i0.wp.com\/redmacaron.com\/wp-content\/uploads\/2025\/01\/red-image.webp?resize=768%2C439&amp;ssl=1 768w, https:\/\/i0.wp.com\/redmacaron.com\/wp-content\/uploads\/2025\/01\/red-image.webp?resize=1536%2C878&amp;ssl=1 1536w, https:\/\/i0.wp.com\/redmacaron.com\/wp-content\/uploads\/2025\/01\/red-image.webp?resize=18%2C10&amp;ssl=1 18w\" sizes=\"auto, (max-width: 1020px) 100vw, 1020px\" \/>\t\t\t\t\t\t\n\t\t\t\t\t<\/div>\n\t\t\t\t\t\t\t\t\n<style scope=\"scope\">\n\n#image_475901666 {\n  width: 100%;\n}\n<\/style>\n\t<\/div>\n\t\n\n\n\t\t<\/div>\n\t<\/div>\n\n\t\n\n\t<div class=\"col medium-6 small-12 large-6\"  >\n\t\t<div class=\"col-inner text-left\"  >\n\t\t\t\n\t\t\t\n\n<h2>\u00a0<\/h2>\n<p>Dans un monde num\u00e9rique o\u00f9 la visibilit\u00e9 est cl\u00e9, une gestion efficace de vos r\u00e9seaux sociaux est indispensable. Nous vous offrons des solutions compl\u00e8tes pour g\u00e9rer vos comptes sur Instagram, Facebook, TikTok et autres plateformes, avec des strat\u00e9gies de contenu personnalis\u00e9es qui engagent votre audience. Notre \u00e9quipe vous aide \u00e0 optimiser vos publications, augmenter votre communaut\u00e9 et \u00e0 cr\u00e9er une relation de proximit\u00e9 avec vos clients, tout en boostant la notori\u00e9t\u00e9 et la r\u00e9putation de votre entreprise. Laissez-nous g\u00e9rer vos r\u00e9seaux pour vous concentrer sur ce que vous faites de mieux.<\/p>\n\n\t\t<\/div>\n\t<\/div>\n\n\t\n\n\n<style scope=\"scope\">\n\n<\/style>\n<\/div>\n\n\t\t<\/div>\n\n\t\t\n<style scope=\"scope\">\n\n#section_159921419 {\n  padding-top: 60px;\n  padding-bottom: 60px;\n  background-color: rgb(193, 193, 193);\n}\n#section_159921419 .section-bg-overlay {\n  background-color: rgba(255, 255, 255, 0.85);\n}\n<\/style>\n\t<\/section>\n\t\n<div class=\"slider-wrapper relative\" id=\"slider-1124945361\" >\n    <div class=\"slider slider-nav-circle slider-nav-large slider-nav-light slider-style-normal\"\n        data-flickity-options='{            \"cellAlign\": \"center\",            \"imagesLoaded\": true,            \"lazyLoad\": 1,            \"freeScroll\": false,            \"wrapAround\": true,            \"autoPlay\": 6000,            \"pauseAutoPlayOnHover\" : true,            \"prevNextButtons\": true,            \"contain\" : true,            \"adaptiveHeight\" : true,            \"dragThreshold\" : 10,            \"percentPosition\": true,            \"pageDots\": true,            \"rightToLeft\": false,            \"draggable\": true,            \"selectedAttraction\": 0.1,            \"parallax\" : 0,            \"friction\": 0.6        }'\n        >\n        \n\n\t<div class=\"img has-hover x md-x lg-x y md-y lg-y\" id=\"image_679731648\">\n\t\t\t\t\t\t\t\t<div class=\"img-inner dark\" >\n\t\t\t<img loading=\"lazy\" decoding=\"async\" width=\"1020\" height=\"1020\" src=\"https:\/\/i0.wp.com\/redmacaron.com\/wp-content\/uploads\/2025\/01\/DALL%C2%B7E-2025-01-22-01.28.08-A-modern-and-professional-promotional-image-for-a-Formation-Express-pour-PME-Express-Training-for-SMEs.-The-image-should-feature-a-clean-sleek-de.webp?fit=1020%2C1020&amp;ssl=1\" class=\"attachment-large size-large\" alt=\"\" \/>\t\t\t\t\t\t\n\t\t\t\t\t<\/div>\n\t\t\t\t\t\t\t\t\n<style scope=\"scope\">\n\n#image_679731648 {\n  width: 100%;\n}\n<\/style>\n\t<\/div>\n\t\n\n\n  <div class=\"banner has-hover\" id=\"banner-427651587\">\n          <div class=\"banner-inner fill\">\n        <div class=\"banner-bg fill\" >\n            <div class=\"bg fill bg-fill\"><\/div>\n                                    \n                    <\/div>\n        <div class=\"banner-layers container\">\n            <div class=\"fill banner-link\"><\/div>            \n\n   <div id=\"text-box-792909072\" class=\"text-box banner-layer x50 md-x50 lg-x50 y50 md-y50 lg-y50 res-text\">\n                                <div class=\"text dark\">\n              \n              <div class=\"text-inner text-center\">\n                  \n\n<h3 class=\"uppercase\"><strong>Formation Express pour PME<\/strong><\/h3>\n<p>Avec REDMacaron, vous apprenez \u00e0 ma\u00eetriser les outils essentiels pour g\u00e9rer votre pr\u00e9sence en ligne de mani\u00e8re efficace et professionnelle, sans besoin de comp\u00e9tences techniques avanc\u00e9es. Gr\u00e2ce \u00e0 des formations pratiques et des ressources adapt\u00e9es, vous serez en mesure de cr\u00e9er des visuels attractifs, d&#8217;analyser vos performances et d&#8217;engager vos clients de mani\u00e8re proactive.<\/p>\n<p>Que vous soyez un entrepreneur d\u00e9butant ou un professionnel souhaitant am\u00e9liorer son image num\u00e9rique, nos formations vous guideront pas \u00e0 pas dans l&#8217;utilisation des meilleures plateformes et applications pour booster votre visibilit\u00e9 et optimiser vos campagnes. Cr\u00e9ez des affiches percutantes, lancez des promotions cibl\u00e9es et apprenez \u00e0 g\u00e9rer votre strat\u00e9gie marketing en ligne, tout en gagnant en autonomie.<\/p>\n<p><strong>En r\u00e9sum\u00e9 :<\/strong><br \/><strong>G\u00e9rez vos r\u00e9seaux sociaux en toute simplicit\u00e9.<\/strong><br \/><strong>Cr\u00e9ez des visuels attractifs pour vos campagnes.<\/strong><br \/><strong>Analysez les r\u00e9sultats et ajustez vos actions en temps r\u00e9el.<\/strong><\/p>\n<p>Avec REDMacaron, l&#8217;accompagnement pour r\u00e9ussir sur le web est \u00e0 port\u00e9e de main !<\/p>\n\n              <\/div>\n           <\/div>\n                            \n<style scope=\"scope\">\n\n#text-box-792909072 {\n  width: 82%;\n}\n#text-box-792909072 .text {\n  font-size: 100%;\n}\n<\/style>\n    <\/div>\n \n\n        <\/div>\n      <\/div>\n\n            \n<style scope=\"scope\">\n\n#banner-427651587 {\n  padding-top: 500px;\n  background-color: rgb(0,0,0);\n}\n<\/style>\n  <\/div>\n\n\n\n     <\/div>\n\n     <div class=\"loading-spin dark large centered\"><\/div>\n\n     <style scope=\"scope\">\n             <\/style>\n<\/div>\n\n\n\t<section class=\"section\" id=\"section_1265669517\">\n\t\t<div class=\"bg section-bg fill bg-fill  bg-loaded\" >\n\n\t\t\t\n\t\t\t\n\t\t\t\n\n\t\t<\/div>\n\n\t\t<div class=\"section-content relative\">\n\t\t\t\n\n  <div class=\"banner-grid-wrapper\">\n  <div id=\"banner-grid-215572774\" class=\"banner-grid row row-grid row-collapse\" data-packery-options=\"\">\n                      \n\n<div class=\"col grid-col large-6 grid-col-1-2\" ><div class=\"col-inner\">\n\n\n  <div class=\"banner has-hover bg-zoom bg-fade-out\" id=\"banner-1914975149\">\n          <div class=\"banner-inner fill\">\n        <div class=\"banner-bg fill\" >\n            <div class=\"bg fill bg-fill\"><\/div>\n                                    \n                    <\/div>\n        <div class=\"banner-layers container\">\n            <div class=\"fill banner-link\"><\/div>            \n\n   <div id=\"text-box-79996078\" class=\"text-box banner-layer x50 md-x50 lg-x50 y50 md-y50 lg-y50 res-text\">\n                                <div class=\"text dark text-shadow-5\">\n              \n              <div class=\"text-inner text-center\">\n                  \n\n<h2 class=\"uppercase thin-font\"><strong>Logo &amp; Poster<br \/><\/strong><\/h2>\n\n              <\/div>\n           <\/div>\n                            \n<style scope=\"scope\">\n\n#text-box-79996078 {\n  width: 60%;\n}\n#text-box-79996078 .text {\n  font-size: 100%;\n}\n<\/style>\n    <\/div>\n \n   <div id=\"text-box-931535492\" class=\"text-box banner-layer x50 md-x50 lg-x50 y65 md-y65 lg-y65 res-text\">\n       <div class=\"hover-slide\">                         <div class=\"text dark\">\n              \n              <div class=\"text-inner text-center\">\n                  \n\n<p class=\"uppercase thin-font\"><strong>Conception de logos et de visuels percutants pour fa\u00e7onner l&#8217;identit\u00e9 de votre entreprise.<\/strong><\/p>\n\n              <\/div>\n           <\/div>\n                     <\/div>       \n<style scope=\"scope\">\n\n#text-box-931535492 {\n  width: 60%;\n}\n#text-box-931535492 .text {\n  font-size: 100%;\n}\n<\/style>\n    <\/div>\n \n\n        <\/div>\n      <\/div>\n\n            \n<style scope=\"scope\">\n\n#banner-1914975149 {\n  padding-top: 500px;\n  background-color: rgb(92, 0, 0);\n}\n#banner-1914975149 .bg.bg-loaded {\n  background-image: url(https:\/\/i0.wp.com\/redmacaron.com\/wp-content\/uploads\/2020\/07\/logo-design.jpg?fit=800%2C800&ssl=1);\n}\n#banner-1914975149 .bg {\n  background-position: 43% 27%;\n}\n<\/style>\n  <\/div>\n\n\n\n<\/div><\/div>\n<div class=\"col grid-col large-6 grid-col-1-2\" ><div class=\"col-inner\">\n\n\n  <div class=\"banner has-hover\" id=\"banner-1598154959\">\n          <div class=\"banner-inner fill\">\n        <div class=\"banner-bg fill\" >\n            <div class=\"bg fill bg-fill\"><\/div>\n                                    \n                    <\/div>\n        <div class=\"banner-layers container\">\n            <div class=\"fill banner-link\"><\/div>            \n\n   <div id=\"text-box-1929626839\" class=\"text-box banner-layer x50 md-x50 lg-x50 y50 md-y50 lg-y50 res-text\">\n                                <div class=\"text\">\n              \n              <div class=\"text-inner text-center\">\n                  \n\n<p class=\"lead\">Le branding d&#8217;une entreprise d\u00e9bute par la cr\u00e9ation d&#8217;un logo puissant. Nous vous proposons des logos et des visuels sur mesure qui renforceront l&#8217;image professionnelle de votre entreprise aupr\u00e8s de vos clients, tout en optimisant la reconnaissance de vos services et produits.<\/p>\n\n              <\/div>\n           <\/div>\n                            \n<style scope=\"scope\">\n\n#text-box-1929626839 {\n  width: 60%;\n}\n#text-box-1929626839 .text {\n  font-size: 100%;\n}\n<\/style>\n    <\/div>\n \n\n        <\/div>\n      <\/div>\n\n            \n<style scope=\"scope\">\n\n#banner-1598154959 {\n  padding-top: 500px;\n  background-color: rgb(255,255,255);\n}\n<\/style>\n  <\/div>\n\n\n\n<\/div><\/div>\n<div class=\"col grid-col large-6 grid-col-1-2\" ><div class=\"col-inner\">\n\n\n  <div class=\"banner has-hover\" id=\"banner-1391604207\">\n          <div class=\"banner-inner fill\">\n        <div class=\"banner-bg fill\" >\n            <div class=\"bg fill bg-fill\"><\/div>\n                                    \n                    <\/div>\n        <div class=\"banner-layers container\">\n            <div class=\"fill banner-link\"><\/div>            \n\n   <div id=\"text-box-824708583\" class=\"text-box banner-layer x50 md-x50 lg-x50 y50 md-y50 lg-y50 res-text\">\n                                <div class=\"text\">\n              \n              <div class=\"text-inner text-center\">\n                  \n\n<p class=\"lead\"><strong>Chaque opportunit\u00e9 qui se pr\u00e9sente est une occasion id\u00e9ale pour accro\u00eetre votre visibilit\u00e9 et attirer de nouveaux clients, partenaires ou collaborateurs. C&#8217;est pourquoi une carte de visite professionnelle est essentielle.<\/strong><\/p>\n\n              <\/div>\n           <\/div>\n                            \n<style scope=\"scope\">\n\n#text-box-824708583 {\n  width: 60%;\n}\n#text-box-824708583 .text {\n  font-size: 100%;\n}\n<\/style>\n    <\/div>\n \n\n        <\/div>\n      <\/div>\n\n            \n<style scope=\"scope\">\n\n#banner-1391604207 {\n  padding-top: 500px;\n  background-color: rgb(255,255,255);\n}\n<\/style>\n  <\/div>\n\n\n\n<\/div><\/div>\n<div class=\"col grid-col large-6 grid-col-1-2\" ><div class=\"col-inner box-shadow-3-hover\">\n\n\n  <div class=\"banner has-hover bg-zoom bg-fade-out\" id=\"banner-1985352717\">\n          <div class=\"banner-inner fill\">\n        <div class=\"banner-bg fill\" >\n            <div class=\"bg fill bg-fill\"><\/div>\n                                    \n                    <\/div>\n        <div class=\"banner-layers container\">\n            <div class=\"fill banner-link\"><\/div>            \n\n   <div id=\"text-box-1035237140\" class=\"text-box banner-layer x50 md-x50 lg-x50 y50 md-y50 lg-y50 res-text\">\n                                <div class=\"text dark text-shadow-5\">\n              \n              <div class=\"text-inner text-center\">\n                  \n\n<h2 class=\"uppercase thin-font\"><strong>Carte d&#8217;affaire<br \/><\/strong><\/h2>\n\n              <\/div>\n           <\/div>\n                            \n<style scope=\"scope\">\n\n#text-box-1035237140 {\n  width: 60%;\n}\n#text-box-1035237140 .text {\n  font-size: 100%;\n}\n<\/style>\n    <\/div>\n \n\n        <\/div>\n      <\/div>\n\n            \n<style scope=\"scope\">\n\n#banner-1985352717 {\n  padding-top: 500px;\n  background-color: rgb(92, 0, 0);\n}\n#banner-1985352717 .bg.bg-loaded {\n  background-image: url(https:\/\/i0.wp.com\/redmacaron.com\/wp-content\/uploads\/2020\/07\/carte-affaire.jpg?fit=800%2C800&ssl=1);\n}\n#banner-1985352717 .bg {\n  background-position: 49% 43%;\n}\n<\/style>\n  <\/div>\n\n\n\n<\/div><\/div>\n<div class=\"col grid-col large-6 grid-col-1-2\" ><div class=\"col-inner box-shadow-3-hover\">\n\n\n  <div class=\"banner has-hover bg-zoom bg-fade-out\" id=\"banner-1130019809\">\n          <div class=\"banner-inner fill\">\n        <div class=\"banner-bg fill\" >\n            <div class=\"bg fill bg-fill\"><\/div>\n                                    \n                    <\/div>\n        <div class=\"banner-layers container\">\n            <div class=\"fill banner-link\"><\/div>            \n\n   <div id=\"text-box-759650641\" class=\"text-box banner-layer x50 md-x50 lg-x50 y50 md-y50 lg-y50 res-text\">\n                                <div class=\"text dark text-shadow-5\">\n              \n              <div class=\"text-inner text-center\">\n                  \n\n<h2 class=\"uppercase thin-font\"><strong>WEB Design<\/strong><\/h2>\n\n              <\/div>\n           <\/div>\n                            \n<style scope=\"scope\">\n\n#text-box-759650641 {\n  width: 60%;\n}\n#text-box-759650641 .text {\n  font-size: 100%;\n}\n<\/style>\n    <\/div>\n \n\n        <\/div>\n      <\/div>\n\n            \n<style scope=\"scope\">\n\n#banner-1130019809 {\n  padding-top: 500px;\n  background-color: rgb(92, 0, 0);\n}\n#banner-1130019809 .bg.bg-loaded {\n  background-image: url(https:\/\/i0.wp.com\/redmacaron.com\/wp-content\/uploads\/2020\/07\/webdesign-square-800x.jpg?fit=800%2C800&ssl=1);\n}\n<\/style>\n  <\/div>\n\n\n\n<\/div><\/div>\n<div class=\"col grid-col large-6 grid-col-1-2\" ><div class=\"col-inner\">\n\n\n  <div class=\"banner has-hover\" id=\"banner-1043366197\">\n          <div class=\"banner-inner fill\">\n        <div class=\"banner-bg fill\" >\n            <div class=\"bg fill bg-fill\"><\/div>\n                                    \n                    <\/div>\n        <div class=\"banner-layers container\">\n            <div class=\"fill banner-link\"><\/div>            \n\n   <div id=\"text-box-1620231176\" class=\"text-box banner-layer x50 md-x50 lg-x50 y50 md-y50 lg-y50 res-text\">\n                                <div class=\"text\">\n              \n              <div class=\"text-inner text-center\">\n                  \n\n<p class=\"lead\">Nous proposons la cr\u00e9ation de sites internet modernes et esth\u00e9tiques, enti\u00e8rement compatibles avec tous les appareils (ordinateur, tablette, smartphone). Que ce soit pour pr\u00e9senter vos produits ou services, ou pour les vendre en ligne, notre \u00e9quipe vous accompagne pour vous connecter \u00e0 vos clients, o\u00f9 qu&#8217;ils se trouvent.<\/p>\n\n              <\/div>\n           <\/div>\n                            \n<style scope=\"scope\">\n\n#text-box-1620231176 {\n  width: 60%;\n}\n#text-box-1620231176 .text {\n  font-size: 100%;\n}\n<\/style>\n    <\/div>\n \n\n        <\/div>\n      <\/div>\n\n            \n<style scope=\"scope\">\n\n#banner-1043366197 {\n  padding-top: 500px;\n  background-color: rgb(255,255,255);\n}\n<\/style>\n  <\/div>\n\n\n\n<\/div><\/div>\n<div class=\"col grid-col large-6 grid-col-1-2\" ><div class=\"col-inner\">\n\n\n  <div class=\"banner has-hover\" id=\"banner-2005825104\">\n          <div class=\"banner-inner fill\">\n        <div class=\"banner-bg fill\" >\n            <div class=\"bg fill bg-fill\"><\/div>\n                                    \n                    <\/div>\n        <div class=\"banner-layers container\">\n            <div class=\"fill banner-link\"><\/div>            \n\n   <div id=\"text-box-1434842677\" class=\"text-box banner-layer x50 md-x50 lg-x50 y50 md-y50 lg-y50 res-text\">\n                                <div class=\"text\">\n              \n              <div class=\"text-inner text-center\">\n                  \n\n<p class=\"lead\"><strong>Pour demeurer comp\u00e9titif, il est essentiel d&#8217;utiliser les outils les plus r\u00e9cents en marketing et communication. Les vid\u00e9os jouent un r\u00f4le crucial, en particulier sur les r\u00e9seaux sociaux o\u00f9 elles sont devenues un moyen de promotion incontournable. Notre \u00e9quipe vous accompagnera dans la cr\u00e9ation de vid\u00e9os percutantes qui mettront en lumi\u00e8re votre entreprise.<\/strong><\/p>\n\n              <\/div>\n           <\/div>\n                            \n<style scope=\"scope\">\n\n#text-box-1434842677 {\n  width: 60%;\n}\n#text-box-1434842677 .text {\n  font-size: 100%;\n}\n<\/style>\n    <\/div>\n \n\n        <\/div>\n      <\/div>\n\n            \n<style scope=\"scope\">\n\n#banner-2005825104 {\n  padding-top: 500px;\n  background-color: rgb(255,255,255);\n}\n<\/style>\n  <\/div>\n\n\n\n<\/div><\/div>\n<div class=\"col grid-col large-6 grid-col-1-2\" ><div class=\"col-inner box-shadow-3-hover\">\n\n\n  <div class=\"banner has-hover bg-zoom bg-fade-out\" id=\"banner-1314796538\">\n          <div class=\"banner-inner fill\">\n        <div class=\"banner-bg fill\" >\n            <div class=\"bg fill bg-fill\"><\/div>\n                                    \n                    <\/div>\n        <div class=\"banner-layers container\">\n            <div class=\"fill banner-link\"><\/div>            \n\n   <div id=\"text-box-1974562533\" class=\"text-box banner-layer x50 md-x50 lg-x50 y50 md-y50 lg-y50 res-text\">\n                                <div class=\"text dark text-shadow-5\">\n              \n              <div class=\"text-inner text-center\">\n                  \n\n<h2 class=\"uppercase thin-font\"><strong>Video editing &amp; animation<br \/><\/strong><\/h2>\n\n              <\/div>\n           <\/div>\n                            \n<style scope=\"scope\">\n\n#text-box-1974562533 {\n  width: 60%;\n}\n#text-box-1974562533 .text {\n  font-size: 100%;\n}\n<\/style>\n    <\/div>\n \n\n        <\/div>\n      <\/div>\n\n            \n<style scope=\"scope\">\n\n#banner-1314796538 {\n  padding-top: 500px;\n  background-color: rgb(92, 0, 0);\n}\n#banner-1314796538 .bg.bg-loaded {\n  background-image: url(https:\/\/i0.wp.com\/redmacaron.com\/wp-content\/uploads\/2020\/07\/video-editing.jpg?fit=800%2C800&ssl=1);\n}\n<\/style>\n  <\/div>\n\n\n\n<\/div><\/div>\n\n            <\/div>\n    <style scope=\"scope\">\n    #banner-grid-215572774 .grid-col-1{height: 800px}\n    #banner-grid-215572774 .grid-col-1-2{height: 400px}\n    #banner-grid-215572774 .grid-col-1-3{height:266.66666666667px}\n    #banner-grid-215572774 .grid-col-2-3{height: 533.33333333333px}\n    #banner-grid-215572774 .grid-col-1-4{height: 200px}\n    #banner-grid-215572774 .grid-col-3-4{height: 600px}\n\n\n    \n    \n\n  <\/style>\n    <\/div>\n  \n\n\t\t<\/div>\n\n\t\t\n<style scope=\"scope\">\n\n#section_1265669517 {\n  padding-top: 50px;\n  padding-bottom: 50px;\n}\n<\/style>\n\t<\/section>","protected":false},"excerpt":{"rendered":"","protected":false},"author":2,"featured_media":0,"parent":0,"menu_order":0,"comment_status":"closed","ping_status":"closed","template":"page-transparent-header-light.php","meta":{"nf_dc_page":"","footnotes":""},"class_list":["post-158","page","type-page","status-publish","hentry"],"jetpack_sharing_enabled":true,"_links":{"self":[{"href":"https:\/\/redmacaron.com\/en\/wp-json\/wp\/v2\/pages\/158","targetHints":{"allow":["GET"]}}],"collection":[{"href":"https:\/\/redmacaron.com\/en\/wp-json\/wp\/v2\/pages"}],"about":[{"href":"https:\/\/redmacaron.com\/en\/wp-json\/wp\/v2\/types\/page"}],"author":[{"embeddable":true,"href":"https:\/\/redmacaron.com\/en\/wp-json\/wp\/v2\/users\/2"}],"replies":[{"embeddable":true,"href":"https:\/\/redmacaron.com\/en\/wp-json\/wp\/v2\/comments?post=158"}],"version-history":[{"count":5,"href":"https:\/\/redmacaron.com\/en\/wp-json\/wp\/v2\/pages\/158\/revisions"}],"predecessor-version":[{"id":419,"href":"https:\/\/redmacaron.com\/en\/wp-json\/wp\/v2\/pages\/158\/revisions\/419"}],"wp:attachment":[{"href":"https:\/\/redmacaron.com\/en\/wp-json\/wp\/v2\/media?parent=158"}],"curies":[{"name":"wp","href":"https:\/\/api.w.org\/{rel}","templated":true}]}}