{"id":135,"date":"2020-06-25T22:29:21","date_gmt":"2020-06-25T22:29:21","guid":{"rendered":"https:\/\/redmacaron.com\/?page_id=135"},"modified":"2025-01-22T06:56:02","modified_gmt":"2025-01-22T06:56:02","slug":"qui-sommes-nous","status":"publish","type":"page","link":"https:\/\/redmacaron.com\/en\/qui-sommes-nous\/","title":{"rendered":"Who are we ?"},"content":{"rendered":"<div id=\"page-header-1230693584\" class=\"page-header-wrapper\">\n  <div class=\"page-title dark featured-title\">\n\n        <div class=\"page-title-bg\">\n      <div class=\"title-bg fill bg-fill\"\n        data-parallax-container=\".page-title\"\n        data-parallax-background\n data-parallax=\"-\">\n      <\/div>\n      <div class=\"title-overlay fill\"><\/div>\n    <\/div>\n    \n    <div class=\"page-title-inner container align-center flex-row medium-flex-wrap\" >\n              <div class=\"title-wrapper uppercase flex-col text-left medium-text-center\">\n          <h1 class=\"entry-title mb-0\">\n            Who are we ?          <\/h1>\n        <\/div>\n                    <div class=\"title-content flex-col flex-right text-right medium-text-center\">\n              <\/div>\n    <\/div>\n\n     \n<style scope=\"scope\">\n\n#page-header-1230693584 .title-bg {\n  background-image: url(https:\/\/redmacaron.com\/wp-content\/uploads\/2020\/06\/Canva-Cn-Tower-in-Toronto-Canada-at-Night.jpg);\n  background-position: 55% 65%;\n}\n#page-header-1230693584 {\n  background-color: rgb(0,0,0);\n}\n<\/style>\n  <\/div>\n    <\/div>\n  \n\n\t<section class=\"section\" id=\"section_2126877753\">\n\t\t<div class=\"bg section-bg fill bg-fill  bg-loaded\" >\n\n\t\t\t\n\t\t\t\n\t\t\t\n\n\t\t<\/div>\n\n\t\t<div class=\"section-content relative\">\n\t\t\t\n\n<div class=\"row\"  id=\"row-597965440\">\n\n\n\t<div class=\"col small-12 large-12\"  >\n\t\t<div class=\"col-inner\"  >\n\t\t\t\n\t\t\t\n\n<p><strong>Chez REDMacaron, nous cr\u00e9ons des entreprises cl\u00e9s en main avec passion et expertise.<\/strong><\/p>\n<p>Avec plus de 10 ans d&#8217;exp\u00e9rience dans la cr\u00e9ation de solutions sur mesure, <strong>REDMacaron<\/strong> vous accompagne dans la recherche de financement, l&#8217;\u00e9laboration de strat\u00e9gies marketing digitales efficaces, et l&#8217;optimisation de votre pr\u00e9sence en ligne. Notre \u00e9quipe d&#8217;experts internationaux met tout en \u0153uvre pour propulser votre entreprise vers le succ\u00e8s, en r\u00e9pondant \u00e0 vos besoins sp\u00e9cifiques et en vous offrant des services de qualit\u00e9 sup\u00e9rieure.<\/p>\n<p>Faites appel \u00e0 <strong>REDMacaron<\/strong> pour transformer votre projet en une entreprise prosp\u00e8re et comp\u00e9titive. Nous sommes l\u00e0 pour vous fournir les outils et les conseils n\u00e9cessaires pour r\u00e9ussir dans un environnement num\u00e9rique en constante \u00e9volution.<\/p>\n\n\t\t<\/div>\n\t<\/div>\n\n\t\n\n\t<div class=\"col medium-4 small-12 large-4\"  >\n\t\t<div class=\"col-inner\"  >\n\t\t\t\n\t\t\t\n\n<div class=\"social-icons share-icons share-row relative\" ><a href=\"whatsapp:\/\/send?text=Qui%20sommes-nous%3F - https:\/\/redmacaron.com\/en\/qui-sommes-nous\/\" data-action=\"share\/whatsapp\/share\" class=\"icon button circle is-outline tooltip whatsapp show-for-medium\" title=\"Share on WhatsApp\"><i class=\"icon-whatsapp\"><\/i><\/a><a href=\"\/\/www.facebook.com\/sharer.php?u=https:\/\/redmacaron.com\/en\/qui-sommes-nous\/\" data-label=\"Facebook\" onclick=\"window.open(this.href,this.title,'width=500,height=500,top=300px,left=300px');  return false;\" rel=\"noopener noreferrer nofollow\" target=\"_blank\" class=\"icon button circle is-outline tooltip facebook\" title=\"Share on Facebook\"><i class=\"icon-facebook\" ><\/i><\/a><a href=\"\/\/twitter.com\/share?url=https:\/\/redmacaron.com\/en\/qui-sommes-nous\/\" onclick=\"window.open(this.href,this.title,'width=500,height=500,top=300px,left=300px');  return false;\" rel=\"noopener noreferrer nofollow\" target=\"_blank\" class=\"icon button circle is-outline tooltip twitter\" title=\"Share on Twitter\"><i class=\"icon-twitter\" ><\/i><\/a><a href=\"mailto:enteryour@addresshere.com?subject=Qui%20sommes-nous%3F&amp;body=Check%20this%20out:%20https:\/\/redmacaron.com\/en\/qui-sommes-nous\/\" rel=\"nofollow\" class=\"icon button circle is-outline tooltip email\" title=\"Email to a Friend\"><i class=\"icon-envelop\" ><\/i><\/a><a href=\"\/\/www.linkedin.com\/shareArticle?mini=true&url=https:\/\/redmacaron.com\/en\/qui-sommes-nous\/&title=Qui%20sommes-nous%3F\" onclick=\"window.open(this.href,this.title,'width=500,height=500,top=300px,left=300px');  return false;\"  rel=\"noopener noreferrer nofollow\" target=\"_blank\" class=\"icon button circle is-outline tooltip linkedin\" title=\"Share on LinkedIn\"><i class=\"icon-linkedin\" ><\/i><\/a><\/div>\n\n\n\t\t<\/div>\n\t<\/div>\n\n\t\n\n<\/div>\n\n\t\t<\/div>\n\n\t\t\n<style scope=\"scope\">\n\n#section_2126877753 {\n  padding-top: 30px;\n  padding-bottom: 30px;\n}\n<\/style>\n\t<\/section>\n\t\n<div class=\"row row-collapse row-full-width\"  id=\"row-1288835566\">\n\n\n\t<div class=\"col medium-4 small-12 large-4\"  >\n\t\t<div class=\"col-inner\"  >\n\t\t\t\n\t\t\t\n\n\n  <div class=\"banner has-hover\" id=\"banner-1490003349\">\n          <div class=\"banner-inner fill\">\n        <div class=\"banner-bg fill\" >\n            <div class=\"bg fill bg-fill\"><\/div>\n                                    \n                    <\/div>\n        <div class=\"banner-layers container\">\n            <div class=\"fill banner-link\"><\/div>            \n\n\n        <\/div>\n      <\/div>\n\n            \n<style scope=\"scope\">\n\n#banner-1490003349 {\n  padding-top: 390px;\n}\n#banner-1490003349 .bg.bg-loaded {\n  background-image: url(https:\/\/i0.wp.com\/redmacaron.com\/wp-content\/uploads\/2020\/06\/mission-vision.jpg?fit=1020%2C574&ssl=1);\n}\n<\/style>\n  <\/div>\n\n\n\n\t\t<\/div>\n\t<\/div>\n\n\t\n\n\t<div class=\"col medium-4 small-12 large-4\"  >\n\t\t<div class=\"col-inner\"  >\n\t\t\t\n\t\t\t\n\n\n  <div class=\"banner has-hover\" id=\"banner-1550811363\">\n          <div class=\"banner-inner fill\">\n        <div class=\"banner-bg fill\" >\n            <div class=\"bg fill bg-fill\"><\/div>\n                                    \n                    <\/div>\n        <div class=\"banner-layers container\">\n            <div class=\"fill banner-link\"><\/div>            \n\n   <div id=\"text-box-1543405107\" class=\"text-box banner-layer x50 md-x50 lg-x50 y50 md-y50 lg-y50 res-text\">\n                                <div class=\"text\">\n              \n              <div class=\"text-inner text-center\">\n                  \n\n<h2>Our mission<\/h2>\n<p>\u00a0Nous partageons notre expertise et savoir-faire avec ceux qui souhaitent se d\u00e9passer et changer le statu quo. Nous cr\u00e9ons des strat\u00e9gies innovantes qui apportent un avantage concurrentiel tout en b\u00e2tissant des relations solides avec nos clients et partenaires<\/p>\n\n              <\/div>\n           <\/div>\n                            \n<style scope=\"scope\">\n\n#text-box-1543405107 {\n  width: 80%;\n}\n#text-box-1543405107 .text {\n  font-size: 170%;\n}\n<\/style>\n    <\/div>\n \n\n        <\/div>\n      <\/div>\n\n            \n<style scope=\"scope\">\n\n#banner-1550811363 {\n  padding-top: 390px;\n  background-color: rgb(255,255,255);\n}\n<\/style>\n  <\/div>\n\n\n\n\t\t<\/div>\n\t<\/div>\n\n\t\n\n\t<div class=\"col medium-4 small-12 large-4\"  >\n\t\t<div class=\"col-inner\"  >\n\t\t\t\n\t\t\t\n\n\n  <div class=\"banner has-hover\" id=\"banner-1064631876\">\n          <div class=\"banner-inner fill\">\n        <div class=\"banner-bg fill\" >\n            <div class=\"bg fill bg-fill\"><\/div>\n                                    \n                    <\/div>\n        <div class=\"banner-layers container\">\n            <div class=\"fill banner-link\"><\/div>            \n\n\n        <\/div>\n      <\/div>\n\n            \n<style scope=\"scope\">\n\n#banner-1064631876 {\n  padding-top: 390px;\n}\n#banner-1064631876 .bg.bg-loaded {\n  background-image: url(https:\/\/i0.wp.com\/redmacaron.com\/wp-content\/uploads\/2020\/06\/diversity.jpg?fit=1020%2C574&ssl=1);\n}\n<\/style>\n  <\/div>\n\n\n\n\t\t<\/div>\n\t<\/div>\n\n\t\n\n\n<style scope=\"scope\">\n\n<\/style>\n<\/div>\n<div class=\"row row-collapse row-full-width\"  id=\"row-872114140\">\n\n\n\t<div class=\"col medium-4 small-12 large-4\"  >\n\t\t<div class=\"col-inner\"  >\n\t\t\t\n\t\t\t\n\n\n  <div class=\"banner has-hover\" id=\"banner-1000807214\">\n          <div class=\"banner-inner fill\">\n        <div class=\"banner-bg fill\" >\n            <div class=\"bg fill bg-fill\"><\/div>\n                                    \n                    <\/div>\n        <div class=\"banner-layers container\">\n            <div class=\"fill banner-link\"><\/div>            \n\n   <div id=\"text-box-677829332\" class=\"text-box banner-layer x50 md-x50 lg-x50 y50 md-y50 lg-y50 res-text\">\n                                <div class=\"text\">\n              \n              <div class=\"text-inner text-center\">\n                  \n\n<h2>Our values<\/h2>\n<p>Nous nous engageons avec passion et d\u00e9vouement \u00e0 offrir une r\u00e9elle valeur ajout\u00e9e. Notre mission est de transformer positivement la vie des individus en leur offrant des opportunit\u00e9s de croissance personnelle et professionnelle, tout en favorisant un impact b\u00e9n\u00e9fique sur leur entourage.<\/p>\n\n              <\/div>\n           <\/div>\n                            \n<style scope=\"scope\">\n\n#text-box-677829332 {\n  width: 80%;\n}\n#text-box-677829332 .text {\n  font-size: 170%;\n}\n<\/style>\n    <\/div>\n \n\n        <\/div>\n      <\/div>\n\n            \n<style scope=\"scope\">\n\n#banner-1000807214 {\n  padding-top: 390px;\n  background-color: rgb(255,255,255);\n}\n<\/style>\n  <\/div>\n\n\n\n\t\t<\/div>\n\t<\/div>\n\n\t\n\n\t<div class=\"col medium-4 small-12 large-4\"  >\n\t\t<div class=\"col-inner\"  >\n\t\t\t\n\t\t\t\n\n\n  <div class=\"banner has-hover\" id=\"banner-270456755\">\n          <div class=\"banner-inner fill\">\n        <div class=\"banner-bg fill\" >\n            <div class=\"bg fill bg-fill\"><\/div>\n                                    \n                    <\/div>\n        <div class=\"banner-layers container\">\n            <div class=\"fill banner-link\"><\/div>            \n\n\n        <\/div>\n      <\/div>\n\n            \n<style scope=\"scope\">\n\n#banner-270456755 {\n  padding-top: 390px;\n}\n#banner-270456755 .bg.bg-loaded {\n  background-image: url(https:\/\/i0.wp.com\/redmacaron.com\/wp-content\/uploads\/2020\/06\/redmacaron.jpg?fit=1020%2C574&ssl=1);\n}\n<\/style>\n  <\/div>\n\n\n\n\t\t<\/div>\n\t<\/div>\n\n\t\n\n\t<div class=\"col medium-4 small-12 large-4\"  >\n\t\t<div class=\"col-inner\"  >\n\t\t\t\n\t\t\t\n\n\n  <div class=\"banner has-hover\" id=\"banner-965670088\">\n          <div class=\"banner-inner fill\">\n        <div class=\"banner-bg fill\" >\n            <div class=\"bg fill bg-fill\"><\/div>\n                                    \n                    <\/div>\n        <div class=\"banner-layers container\">\n            <div class=\"fill banner-link\"><\/div>            \n\n   <div id=\"text-box-1316303437\" class=\"text-box banner-layer x50 md-x50 lg-x50 y50 md-y50 lg-y50 res-text\">\n                                <div class=\"text\">\n              \n              <div class=\"text-inner text-center\">\n                  \n\n<h2>Our origin<\/h2>\n<p>Le nom <strong>REDMacaron<\/strong> combine deux id\u00e9es fortes. <strong>&#8220;RED&#8221;<\/strong> symbolise notre passion, qui nous a permis de cr\u00e9er un impact durable aupr\u00e8s de nos partenaires. <strong>&#8220;MACARON&#8221;<\/strong> refl\u00e8te la pr\u00e9cision et la qualit\u00e9 impeccable n\u00e9cessaires pour r\u00e9ussir.<\/p>\n<p>Nous offrons deux piliers compl\u00e9mentaires : le <strong>consulting financier et administratif<\/strong> pour aider les entreprises \u00e0 cro\u00eetre, et le <strong>marketing strat\u00e9gique<\/strong> pour d\u00e9velopper leurs marques et produits.<\/p>\n\n              <\/div>\n           <\/div>\n                            \n<style scope=\"scope\">\n\n#text-box-1316303437 {\n  width: 80%;\n}\n#text-box-1316303437 .text {\n  font-size: 170%;\n}\n<\/style>\n    <\/div>\n \n\n        <\/div>\n      <\/div>\n\n            \n<style scope=\"scope\">\n\n#banner-965670088 {\n  padding-top: 390px;\n  background-color: rgb(255,255,255);\n}\n<\/style>\n  <\/div>\n\n\n\n\t\t<\/div>\n\t<\/div>\n\n\t\n\n\n<style scope=\"scope\">\n\n<\/style>\n<\/div>","protected":false},"excerpt":{"rendered":"","protected":false},"author":2,"featured_media":12,"parent":0,"menu_order":0,"comment_status":"closed","ping_status":"closed","template":"page-transparent-header.php","meta":{"nf_dc_page":"","footnotes":""},"class_list":["post-135","page","type-page","status-publish","has-post-thumbnail","hentry"],"jetpack_sharing_enabled":true,"_links":{"self":[{"href":"https:\/\/redmacaron.com\/en\/wp-json\/wp\/v2\/pages\/135","targetHints":{"allow":["GET"]}}],"collection":[{"href":"https:\/\/redmacaron.com\/en\/wp-json\/wp\/v2\/pages"}],"about":[{"href":"https:\/\/redmacaron.com\/en\/wp-json\/wp\/v2\/types\/page"}],"author":[{"embeddable":true,"href":"https:\/\/redmacaron.com\/en\/wp-json\/wp\/v2\/users\/2"}],"replies":[{"embeddable":true,"href":"https:\/\/redmacaron.com\/en\/wp-json\/wp\/v2\/comments?post=135"}],"version-history":[{"count":5,"href":"https:\/\/redmacaron.com\/en\/wp-json\/wp\/v2\/pages\/135\/revisions"}],"predecessor-version":[{"id":422,"href":"https:\/\/redmacaron.com\/en\/wp-json\/wp\/v2\/pages\/135\/revisions\/422"}],"wp:featuredmedia":[{"embeddable":true,"href":"https:\/\/redmacaron.com\/en\/wp-json\/wp\/v2\/media\/12"}],"wp:attachment":[{"href":"https:\/\/redmacaron.com\/en\/wp-json\/wp\/v2\/media?parent=135"}],"curies":[{"name":"wp","href":"https:\/\/api.w.org\/{rel}","templated":true}]}}