{"id":112,"date":"2020-06-24T15:02:34","date_gmt":"2020-06-24T15:02:34","guid":{"rendered":"https:\/\/redmacaron.com\/?page_id=112"},"modified":"2025-01-22T06:09:41","modified_gmt":"2025-01-22T06:09:41","slug":"financement-et-subvention","status":"publish","type":"page","link":"https:\/\/redmacaron.com\/en\/financement-et-subvention\/","title":{"rendered":"Funding and Grant"},"content":{"rendered":"<div id=\"page-header-668549480\" class=\"page-header-wrapper\">\n  <div class=\"page-title dark featured-title\">\n\n        <div class=\"page-title-bg\">\n      <div class=\"title-bg fill bg-fill\"\n        data-parallax-container=\".page-title\"\n        data-parallax-background\n data-parallax=\"-\">\n      <\/div>\n      <div class=\"title-overlay fill\"><\/div>\n    <\/div>\n    \n    <div class=\"page-title-inner container align-center flex-row medium-flex-wrap\" >\n              <div class=\"title-wrapper uppercase flex-col text-left medium-text-center\">\n          <h1 class=\"entry-title mb-0\">\n            Financement et Subventions pour les Entreprises : Solutions de Capital pour Booster votre Croissance          <\/h1>\n        <\/div>\n                    <div class=\"title-content flex-col flex-right text-right medium-text-center\">\n              <\/div>\n    <\/div>\n\n     \n<style scope=\"scope\">\n\n#page-header-668549480 .title-bg {\n  background-image: url(https:\/\/redmacaron.com\/wp-content\/uploads\/2020\/06\/financement_banner.jpg);\n  background-position: 55% 65%;\n}\n#page-header-668549480 .title-overlay {\n  background-color: rgba(153, 0, 0, 0.51);\n}\n#page-header-668549480 {\n  background-color: rgb(0,0,0);\n}\n<\/style>\n  <\/div>\n    <\/div>\n  \n\n\t<section class=\"section\" id=\"section_1255568705\">\n\t\t<div class=\"bg section-bg fill bg-fill  bg-loaded\" >\n\n\t\t\t\n\t\t\t\n\t\t\t\n\n\t\t<\/div>\n\n\t\t<div class=\"section-content relative\">\n\t\t\t\n\n<div class=\"row\"  id=\"row-832419\">\n\n\n\t<div class=\"col small-12 large-12\"  >\n\t\t<div class=\"col-inner\"  >\n\t\t\t\n\t\t\t\n\n<p>Toutes les entreprises, qu&#8217;elles soient petites, moyennes ou grandes, ont besoin de financement pour d\u00e9marrer, maintenir ou d\u00e9velopper leurs activit\u00e9s. Que vous soyez une entreprise en d\u00e9marrage, une PME ou une soci\u00e9t\u00e9 bien \u00e9tablie, l&#8217;acc\u00e8s au <strong>capital<\/strong> est essentiel pour assurer la p\u00e9rennit\u00e9 et la croissance de votre activit\u00e9.<\/p>\n<p>Le financement des entreprises peut prendre plusieurs formes, allant des <strong>pr\u00eats bancaires<\/strong> traditionnels aux solutions de financement plus flexibles. Les entreprises peuvent obtenir des fonds par <strong>emprunt<\/strong> ou en levant des <strong>capitaux propres<\/strong>. Parmi les principaux instruments financiers disponibles pour les petites et moyennes entreprises (PME), on retrouve :<\/p>\n<ul>\n<li><strong>Pr\u00eats bancaires \u00e0 terme<\/strong> ou \u00e0 vue<\/li>\n<li><strong>Pr\u00eats priv\u00e9s<\/strong> et <strong>lignes de cr\u00e9dit d&#8217;exploitation<\/strong><\/li>\n<li><strong>Cartes de cr\u00e9dit professionnelles<\/strong><\/li>\n<li><strong>Cr\u00e9dit-bail<\/strong> pour financer des \u00e9quipements ou des biens immobiliers<\/li>\n<li><strong>Contrats de cr\u00e9dit-fournisseur<\/strong><\/li>\n<li><strong>Pr\u00eats garantis par le gouvernement<\/strong>, y compris les subventions et <strong>programmes d\u2019aide gouvernementale<\/strong><\/li>\n<\/ul>\n<p>Chaque option de financement a ses avantages et ses conditions sp\u00e9cifiques. L\u2019obtention de <strong>subventions gouvernementales<\/strong> et de <strong>financement d&#8217;entreprise<\/strong> peut \u00eatre un levier pr\u00e9cieux pour votre d\u00e9veloppement. Que vous cherchiez \u00e0 obtenir des <strong>subventions pour PME<\/strong> ou \u00e0 explorer des <strong>solutions de financement \u00e0 faible taux d&#8217;int\u00e9r\u00eat<\/strong>, ces options peuvent vous aider \u00e0 atteindre vos objectifs commerciaux.<\/p>\n\n\t\t<\/div>\n\t<\/div>\n\n\t\n\n\t<div class=\"col medium-4 small-12 large-4\"  >\n\t\t<div class=\"col-inner\"  >\n\t\t\t\n\t\t\t\n\n\n\t\t<\/div>\n\t<\/div>\n\n\t\n\n<\/div>\n<div class=\"row\"  id=\"row-389603605\">\n\n\n\t<div class=\"col small-12 large-12\"  >\n\t\t<div class=\"col-inner\"  >\n\t\t\t\n\t\t\t\n\n<p><strong>Investissement dans le Capital-actions des PME : Trouvez les Solutions Id\u00e9ales pour Votre Entreprise<\/strong><\/p>\n<p>Les investissements dans le <strong>capital-actions des PME<\/strong> se manifestent principalement par l\u2019acquisition d\u2019actions de l\u2019entreprise. Cela peut inclure un <strong>investissement personnel<\/strong> de l&#8217;entrepreneur, des investissements priv\u00e9s r\u00e9alis\u00e9s par la famille ou les amis (\u00e9galement appel\u00e9s capital de proximit\u00e9), des <strong>investissements providentiels<\/strong>, des placements en <strong>capital-risque<\/strong> (CR), ou encore des achats d\u2019actions lors d\u2019un <strong>appel public \u00e0 l\u2019\u00e9pargne<\/strong> pour les entreprises cot\u00e9es en bourse.<\/p>\n<p>Pour les entreprises \u00e9tablies, les <strong>b\u00e9n\u00e9fices non r\u00e9partis<\/strong> peuvent \u00e9galement \u00eatre r\u00e9investis dans l\u2019entreprise pour financer de nouvelles opportunit\u00e9s de croissance. Une <strong>nouvelle entreprise<\/strong> a besoin de plusieurs types de capital pour r\u00e9ussir : les <strong>capitaux d\u2019amor\u00e7age<\/strong> pour ouvrir ses portes, les <strong>capitaux de d\u00e9marrage<\/strong> pour acheter le mat\u00e9riel et les actifs de base, les <strong>fonds de roulement<\/strong> pour assurer le bon fonctionnement des activit\u00e9s courantes, et enfin, le <strong>capital d\u2019expansion<\/strong> pour investir dans des ressources suppl\u00e9mentaires, des nouvelles technologies et saisir les <strong>occasions d&#8217;affaires<\/strong> \u00e0 mesure que l\u2019entreprise se d\u00e9veloppe.<\/p>\n<h3><strong>Programmes Gouvernementaux de Financement pour PME<\/strong><\/h3>\n<p>Il existe de nombreuses initiatives de financement \u00e0 l&#8217;\u00e9chelle <strong>f\u00e9d\u00e9rale<\/strong>, <strong>provinciale<\/strong> et <strong>r\u00e9gionale<\/strong> qui soutiennent les <strong>PME<\/strong> au Canada. Les <strong>Centres de services aux entreprises du Canada (CSEC)<\/strong>, pr\u00e9sents dans toutes les grandes villes, fournissent des informations d\u00e9taill\u00e9es et des liens vers ces programmes, offrant ainsi un excellent point de d\u00e9part pour les entrepreneurs.<\/p>\n<p>Ces programmes sont souvent destin\u00e9s \u00e0 des groupes sp\u00e9cifiques tels que les <strong>jeunes entrepreneurs<\/strong>, les <strong>entrepreneurs autochtones<\/strong>, les membres de <strong>minorit\u00e9s<\/strong>, ainsi que les <strong>femmes entrepreneures<\/strong>, et incluent \u00e9galement des initiatives g\u00e9n\u00e9rales pour les PME. La majorit\u00e9 de ces programmes propose des <strong>pr\u00eats \u00e0 faible taux<\/strong> aux entreprises admissibles et inclut souvent des services compl\u00e9mentaires comme le <strong>mentorat<\/strong> et des <strong>opportunit\u00e9s de r\u00e9seautage<\/strong>, augmentant ainsi les chances de succ\u00e8s des entrepreneurs.<\/p>\n<h3><strong>L\u2019Accompagnement Sur-Mesure pour Vos Financements<\/strong><\/h3>\n<p>Naviguer dans l\u2019univers des <strong>programmes de financement<\/strong> peut \u00eatre complexe. Chez <strong>REDMacaron<\/strong>, nous sommes l\u00e0 pour vous accompagner dans cette d\u00e9marche. Nous vous aidons \u00e0 trouver le <strong>programme de financement adapt\u00e9<\/strong> \u00e0 votre entreprise et nous vous assistons dans la <strong>pr\u00e9sentation du plan d\u2019affaires<\/strong> aux institutions financi\u00e8res. Notre \u00e9quipe vous soutient \u00e0 chaque \u00e9tape du processus pour maximiser vos chances d\u2019obtenir les financements n\u00e9cessaires \u00e0 la r\u00e9ussite de vos projets.<\/p>\n\n\t\t<\/div>\n\t<\/div>\n\n\t\n\n<\/div>\n\n\t\t<\/div>\n\n\t\t\n<style scope=\"scope\">\n\n#section_1255568705 {\n  padding-top: 30px;\n  padding-bottom: 30px;\n}\n<\/style>\n\t<\/section>","protected":false},"excerpt":{"rendered":"","protected":false},"author":2,"featured_media":113,"parent":0,"menu_order":0,"comment_status":"closed","ping_status":"closed","template":"page-transparent-header.php","meta":{"nf_dc_page":"","footnotes":""},"class_list":["post-112","page","type-page","status-publish","has-post-thumbnail","hentry"],"jetpack_sharing_enabled":true,"_links":{"self":[{"href":"https:\/\/redmacaron.com\/en\/wp-json\/wp\/v2\/pages\/112","targetHints":{"allow":["GET"]}}],"collection":[{"href":"https:\/\/redmacaron.com\/en\/wp-json\/wp\/v2\/pages"}],"about":[{"href":"https:\/\/redmacaron.com\/en\/wp-json\/wp\/v2\/types\/page"}],"author":[{"embeddable":true,"href":"https:\/\/redmacaron.com\/en\/wp-json\/wp\/v2\/users\/2"}],"replies":[{"embeddable":true,"href":"https:\/\/redmacaron.com\/en\/wp-json\/wp\/v2\/comments?post=112"}],"version-history":[{"count":5,"href":"https:\/\/redmacaron.com\/en\/wp-json\/wp\/v2\/pages\/112\/revisions"}],"predecessor-version":[{"id":415,"href":"https:\/\/redmacaron.com\/en\/wp-json\/wp\/v2\/pages\/112\/revisions\/415"}],"wp:featuredmedia":[{"embeddable":true,"href":"https:\/\/redmacaron.com\/en\/wp-json\/wp\/v2\/media\/113"}],"wp:attachment":[{"href":"https:\/\/redmacaron.com\/en\/wp-json\/wp\/v2\/media?parent=112"}],"curies":[{"name":"wp","href":"https:\/\/api.w.org\/{rel}","templated":true}]}}